{"id":217,"date":"2017-12-11T21:10:12","date_gmt":"2017-12-11T20:10:12","guid":{"rendered":"http:\/\/hautbicou.com\/?page_id=217"},"modified":"2018-01-30T10:36:39","modified_gmt":"2018-01-30T09:36:39","slug":"les-cepages-du-terroir","status":"publish","type":"page","link":"https:\/\/hautbicou.com\/index.php\/les-cepages-du-terroir\/","title":{"rendered":"LE TERROIR"},"content":{"rendered":"<p>[et_pb_section fb_built=\u00a0\u00bb1&Prime; _builder_version=\u00a0\u00bb3.0.91&Prime; custom_padding=\u00a0\u00bb0px|0px|0px|0px\u00a0\u00bb][et_pb_row make_fullwidth=\u00a0\u00bbon\u00a0\u00bb use_custom_gutter=\u00a0\u00bbon\u00a0\u00bb gutter_width=\u00a0\u00bb1&Prime; custom_padding=\u00a0\u00bb253px|0px|77px|0px\u00a0\u00bb _builder_version=\u00a0\u00bb3.0.95&Prime; background_image=\u00a0\u00bbhttp:\/\/hautbicou.com\/wp-content\/uploads\/2018\/01\/5br.jpg\u00a0\u00bb][et_pb_column type=\u00a0\u00bb4_4&Prime; _builder_version=\u00a0\u00bb3.0.91&Prime; parallax=\u00a0\u00bboff\u00a0\u00bb parallax_method=\u00a0\u00bbon\u00a0\u00bb][et_pb_text background_layout=\u00a0\u00bbdark\u00a0\u00bb _builder_version=\u00a0\u00bb3.0.95&Prime; text_font=\u00a0\u00bb|300|||||||\u00a0\u00bb text_font_size=\u00a0\u00bb60px\u00a0\u00bb text_font_size_tablet=\u00a0\u00bb40px\u00a0\u00bb text_font_size_phone=\u00a0\u00bb30px\u00a0\u00bb text_font_size_last_edited=\u00a0\u00bbon|phone\u00a0\u00bb text_orientation=\u00a0\u00bbcenter\u00a0\u00bb]<\/p>\n<p>LES C\u00c9PAGES DU TERROIR<\/p>\n<p>[\/et_pb_text][\/et_pb_column][\/et_pb_row][\/et_pb_section][et_pb_section fb_built=\u00a0\u00bb1&Prime; _builder_version=\u00a0\u00bb3.0.91&Prime; custom_padding=\u00a0\u00bb0px|0px|0px|0px\u00a0\u00bb][et_pb_row make_fullwidth=\u00a0\u00bbon\u00a0\u00bb custom_padding=\u00a0\u00bb25px|0px|2px|0px\u00a0\u00bb _builder_version=\u00a0\u00bb3.0.91&Prime;][et_pb_column type=\u00a0\u00bb4_4&Prime; _builder_version=\u00a0\u00bb3.0.47&Prime; parallax=\u00a0\u00bboff\u00a0\u00bb parallax_method=\u00a0\u00bbon\u00a0\u00bb][et_pb_text _builder_version=\u00a0\u00bb3.0.98&Prime; text_font=\u00a0\u00bb|300|||||||\u00a0\u00bb text_font_size=\u00a0\u00bb33px\u00a0\u00bb text_font_size_tablet=\u00a0\u00bb25px\u00a0\u00bb text_font_size_phone=\u00a0\u00bb15px\u00a0\u00bb text_font_size_last_edited=\u00a0\u00bbon|desktop\u00a0\u00bb text_line_height=\u00a0\u00bb1.1em\u00a0\u00bb header_font=\u00a0\u00bb|300|||||||\u00a0\u00bb text_orientation=\u00a0\u00bbcenter\u00a0\u00bb]LE CLIMAT OC\u00c9ANIQUE TEMP\u00c9R\u00c9 DU VIGNOBLE<br \/>\nBORDELAIS SE PR\u00caTE \u00c0 MERVEILLE \u00c0 LA CULTURE<br \/>\nDE LA VIGNE. SES C\u00c9PAGES ROUGES TRADITIONNELS<br \/>\nOFFRENT DES VINS G\u00c9N\u00c9REUX ET FRUIT\u00c9S.[\/et_pb_text][\/et_pb_column][\/et_pb_row][et_pb_row make_fullwidth=\u00a0\u00bbon\u00a0\u00bb custom_padding=\u00a0\u00bb10px|||\u00a0\u00bb _builder_version=\u00a0\u00bb3.0.95&Prime;][et_pb_column type=\u00a0\u00bb1_4&Prime; _builder_version=\u00a0\u00bb3.0.47&Prime; parallax=\u00a0\u00bboff\u00a0\u00bb parallax_method=\u00a0\u00bbon\u00a0\u00bb][et_pb_image src=\u00a0\u00bbhttp:\/\/hautbicou.com\/wp-content\/uploads\/2018\/01\/6br.jpg\u00a0\u00bb _builder_version=\u00a0\u00bb3.0.98&Prime;][\/et_pb_image][\/et_pb_column][et_pb_column type=\u00a0\u00bb1_2&Prime; _builder_version=\u00a0\u00bb3.0.47&Prime; parallax=\u00a0\u00bboff\u00a0\u00bb parallax_method=\u00a0\u00bbon\u00a0\u00bb][et_pb_text _builder_version=\u00a0\u00bb3.0.95&Prime; text_font=\u00a0\u00bb|300|||||||\u00a0\u00bb header_font=\u00a0\u00bb||||||||\u00a0\u00bb text_orientation=\u00a0\u00bbjustified\u00a0\u00bb]<\/p>\n<p style=\"text-align: justify;\"><strong>LE CUBZAGUAIS<\/strong> Situ\u00e9 sur la commune de Salignac &#8211; Val de Virv\u00e9e, \u00e0 30 km au<br \/>\nnord-nord-est de Bordeaux notre vignoble est implant\u00e9 dans le Cubzaguais. Ce terroir,<br \/>\nbord\u00e9 au sud par la vall\u00e9e de la Dordogne, rassemble une suite de micro-pays<br \/>\nplus ou moins vallonn\u00e9s. La conjonction d\u2019un milieu naturel exceptionnel (sols argilo-<br \/>\ncalcaire et argilo-limoneux) plant\u00e9 de nobles c\u00e9pages et d\u2019un savoir-faire patient<br \/>\ndonne des vins de caract\u00e8re. Un r\u00e9seau de chemins vicinaux et de sentiers,<br \/>\nd\u00e9bouchant au milieu des rangs de ceps, emm\u00e8ne \u00e0 la d\u00e9couverte d\u2019un discret patrimoine<br \/>\n: \u00e9glises romanes, domaines viticoles, chemin de Compostelle.<\/p>\n<p><strong>LE CH\u00c2TEAU HAUT BICOU EST UN VIGNOBLE FAMILIAL<\/strong> de 13 hectares. Son<br \/>\norigine remonte au XIX\u00e8me si\u00e8cle. Nos parcelles, avec une densit\u00e9 de 4 500 pieds \u00e0<br \/>\nl\u2019hectare, sont cultiv\u00e9es en agriculture biologique.<\/p>\n<p><strong>LE TERROIR<\/strong> argilo-calcaire des c\u00f4teaux produit des vins structur\u00e9s, ronds et \u00e9quilibr\u00e9s.<\/p>\n<p><strong>LES C\u00c9PAGES<\/strong> traditionnels du terroir ont \u00e9t\u00e9 conserv\u00e9s tels que le merlot noir<br \/>\npour la souplesse de son fruit\u00e9, le cabernet sauvignon pour la fraicheur et la vivacit\u00e9,<br \/>\nle cabernet franc pour ses ar\u00f4mes floraux et, plus r\u00e9cemment, le sauvignon<br \/>\nblanc pour offrir un vin blanc sec et fruit\u00e9.<br \/>\nLa grande majorit\u00e9 des vins de Bordeaux sont des vins d\u2019assemblage ; particularit\u00e9<br \/>\nde ce vignoble ancestral. Gr\u00e2ce \u00e0 son savoir-faire, le viticulteur allie les diff\u00e9rents<br \/>\nvins issus des c\u00e9pages qu\u2019il a choisis et des parcelles s\u00e9lectionn\u00e9es : proportions<br \/>\nid\u00e9ales pour cr\u00e9er la sp\u00e9cificit\u00e9 de ses cuv\u00e9es.<\/p>\n<p>[\/et_pb_text][\/et_pb_column][et_pb_column type=\u00a0\u00bb1_4&Prime; _builder_version=\u00a0\u00bb3.0.47&Prime; parallax=\u00a0\u00bboff\u00a0\u00bb parallax_method=\u00a0\u00bbon\u00a0\u00bb][et_pb_image src=\u00a0\u00bbhttp:\/\/hautbicou.com\/wp-content\/uploads\/2018\/01\/7br.jpg\u00a0\u00bb _builder_version=\u00a0\u00bb3.0.98&Prime;][\/et_pb_image][et_pb_image src=\u00a0\u00bbhttp:\/\/hautbicou.com\/wp-content\/uploads\/2018\/01\/8br.jpg\u00a0\u00bb _builder_version=\u00a0\u00bb3.0.98&Prime;][\/et_pb_image][\/et_pb_column][\/et_pb_row][\/et_pb_section]<\/p>\n","protected":false},"excerpt":{"rendered":"<p>[et_pb_section fb_built=\u00a0\u00bb1&Prime; _builder_version=\u00a0\u00bb3.0.91&Prime; custom_padding=\u00a0\u00bb0px|0px|0px|0px\u00a0\u00bb][et_pb_row make_fullwidth=\u00a0\u00bbon\u00a0\u00bb use_custom_gutter=\u00a0\u00bbon\u00a0\u00bb gutter_width=\u00a0\u00bb1&Prime; custom_padding=\u00a0\u00bb253px|0px|77px|0px\u00a0\u00bb _builder_version=\u00a0\u00bb3.0.95&Prime; background_image=\u00a0\u00bbhttp:\/\/hautbicou.com\/wp-content\/uploads\/2018\/01\/5br.jpg\u00a0\u00bb][et_pb_column type=\u00a0\u00bb4_4&Prime; _builder_version=\u00a0\u00bb3.0.91&Prime; parallax=\u00a0\u00bboff\u00a0\u00bb parallax_method=\u00a0\u00bbon\u00a0\u00bb][et_pb_text background_layout=\u00a0\u00bbdark\u00a0\u00bb _builder_version=\u00a0\u00bb3.0.95&Prime; text_font=\u00a0\u00bb|300|||||||\u00a0\u00bb text_font_size=\u00a0\u00bb60px\u00a0\u00bb text_font_size_tablet=\u00a0\u00bb40px\u00a0\u00bb text_font_size_phone=\u00a0\u00bb30px\u00a0\u00bb text_font_size_last_edited=\u00a0\u00bbon|phone\u00a0\u00bb text_orientation=\u00a0\u00bbcenter\u00a0\u00bb] LES C\u00c9PAGES DU TERROIR [\/et_pb_text][\/et_pb_column][\/et_pb_row][\/et_pb_section][et_pb_section fb_built=\u00a0\u00bb1&Prime; _builder_version=\u00a0\u00bb3.0.91&Prime; custom_padding=\u00a0\u00bb0px|0px|0px|0px\u00a0\u00bb][et_pb_row make_fullwidth=\u00a0\u00bbon\u00a0\u00bb custom_padding=\u00a0\u00bb25px|0px|2px|0px\u00a0\u00bb _builder_version=\u00a0\u00bb3.0.91&Prime;][et_pb_column type=\u00a0\u00bb4_4&Prime; _builder_version=\u00a0\u00bb3.0.47&Prime; parallax=\u00a0\u00bboff\u00a0\u00bb parallax_method=\u00a0\u00bbon\u00a0\u00bb][et_pb_text _builder_version=\u00a0\u00bb3.0.98&Prime; text_font=\u00a0\u00bb|300|||||||\u00a0\u00bb text_font_size=\u00a0\u00bb33px\u00a0\u00bb text_font_size_tablet=\u00a0\u00bb25px\u00a0\u00bb text_font_size_phone=\u00a0\u00bb15px\u00a0\u00bb text_font_size_last_edited=\u00a0\u00bbon|desktop\u00a0\u00bb text_line_height=\u00a0\u00bb1.1em\u00a0\u00bb header_font=\u00a0\u00bb|300|||||||\u00a0\u00bb text_orientation=\u00a0\u00bbcenter\u00a0\u00bb]LE CLIMAT OC\u00c9ANIQUE TEMP\u00c9R\u00c9 DU VIGNOBLE BORDELAIS SE PR\u00caTE \u00c0 [&hellip;]<\/p>\n","protected":false},"author":1,"featured_media":0,"parent":0,"menu_order":0,"comment_status":"closed","ping_status":"closed","template":"","meta":{"_et_pb_use_builder":"on","_et_pb_old_content":"","_et_gb_content_width":""},"_links":{"self":[{"href":"https:\/\/hautbicou.com\/index.php\/wp-json\/wp\/v2\/pages\/217"}],"collection":[{"href":"https:\/\/hautbicou.com\/index.php\/wp-json\/wp\/v2\/pages"}],"about":[{"href":"https:\/\/hautbicou.com\/index.php\/wp-json\/wp\/v2\/types\/page"}],"author":[{"embeddable":true,"href":"https:\/\/hautbicou.com\/index.php\/wp-json\/wp\/v2\/users\/1"}],"replies":[{"embeddable":true,"href":"https:\/\/hautbicou.com\/index.php\/wp-json\/wp\/v2\/comments?post=217"}],"version-history":[{"count":20,"href":"https:\/\/hautbicou.com\/index.php\/wp-json\/wp\/v2\/pages\/217\/revisions"}],"predecessor-version":[{"id":658,"href":"https:\/\/hautbicou.com\/index.php\/wp-json\/wp\/v2\/pages\/217\/revisions\/658"}],"wp:attachment":[{"href":"https:\/\/hautbicou.com\/index.php\/wp-json\/wp\/v2\/media?parent=217"}],"curies":[{"name":"wp","href":"https:\/\/api.w.org\/{rel}","templated":true}]}}