{"id":291,"date":"2017-12-12T20:45:49","date_gmt":"2017-12-12T19:45:49","guid":{"rendered":"http:\/\/hautbicou.com\/?page_id=291"},"modified":"2018-01-30T10:43:04","modified_gmt":"2018-01-30T09:43:04","slug":"loenotourisme","status":"publish","type":"page","link":"https:\/\/hautbicou.com\/index.php\/loenotourisme\/","title":{"rendered":"L&rsquo;OENOTOURISME"},"content":{"rendered":"<p>[et_pb_section fb_built=\u00a0\u00bb1&Prime; _builder_version=\u00a0\u00bb3.0.91&Prime; custom_padding=\u00a0\u00bb0px|0px|0px|0px\u00a0\u00bb][et_pb_row make_fullwidth=\u00a0\u00bbon\u00a0\u00bb use_custom_gutter=\u00a0\u00bbon\u00a0\u00bb gutter_width=\u00a0\u00bb1&Prime; custom_padding=\u00a0\u00bb253px|0px|77px|0px\u00a0\u00bb _builder_version=\u00a0\u00bb3.0.95&Prime; background_image=\u00a0\u00bbhttp:\/\/hautbicou.com\/wp-content\/uploads\/2018\/01\/18br.jpg\u00a0\u00bb][et_pb_column type=\u00a0\u00bb4_4&Prime; _builder_version=\u00a0\u00bb3.0.91&Prime; parallax=\u00a0\u00bboff\u00a0\u00bb parallax_method=\u00a0\u00bbon\u00a0\u00bb][et_pb_text background_layout=\u00a0\u00bbdark\u00a0\u00bb _builder_version=\u00a0\u00bb3.0.95&Prime; text_font=\u00a0\u00bb|300|||||||\u00a0\u00bb text_font_size=\u00a0\u00bb60px\u00a0\u00bb text_font_size_tablet=\u00a0\u00bb40px\u00a0\u00bb text_font_size_phone=\u00a0\u00bb31px\u00a0\u00bb text_font_size_last_edited=\u00a0\u00bbon|phone\u00a0\u00bb text_orientation=\u00a0\u00bbcenter\u00a0\u00bb]L&rsquo;\u0152NOTOURISME TRANQUILLE<br \/>\n[\/et_pb_text][\/et_pb_column][\/et_pb_row][\/et_pb_section][et_pb_section fb_built=\u00a0\u00bb1&Prime; _builder_version=\u00a0\u00bb3.0.92&Prime; custom_padding=\u00a0\u00bb1px|0px|0px|0px\u00a0\u00bb][et_pb_row make_fullwidth=\u00a0\u00bbon\u00a0\u00bb custom_padding=\u00a0\u00bb50px|0px|25px|0px\u00a0\u00bb _builder_version=\u00a0\u00bb3.0.91&Prime;][et_pb_column type=\u00a0\u00bb1_4&Prime; _builder_version=\u00a0\u00bb3.0.47&Prime; parallax=\u00a0\u00bboff\u00a0\u00bb parallax_method=\u00a0\u00bbon\u00a0\u00bb][et_pb_image src=\u00a0\u00bbhttp:\/\/hautbicou.com\/wp-content\/uploads\/2018\/01\/20abr.jpg\u00a0\u00bb _builder_version=\u00a0\u00bb3.0.98&Prime;][\/et_pb_image][et_pb_image src=\u00a0\u00bbhttp:\/\/hautbicou.com\/wp-content\/uploads\/2018\/01\/21br.jpg\u00a0\u00bb _builder_version=\u00a0\u00bb3.0.98&Prime;][\/et_pb_image][et_pb_image src=\u00a0\u00bbhttp:\/\/hautbicou.com\/wp-content\/uploads\/2018\/01\/21Bbr.jpg\u00a0\u00bb _builder_version=\u00a0\u00bb3.0.98&Prime;][\/et_pb_image][et_pb_image src=\u00a0\u00bbhttp:\/\/hautbicou.com\/wp-content\/uploads\/2017\/12\/21a.jpg\u00a0\u00bb _builder_version=\u00a0\u00bb3.0.92&Prime;][\/et_pb_image][\/et_pb_column][et_pb_column type=\u00a0\u00bb1_2&Prime; _builder_version=\u00a0\u00bb3.0.47&Prime; parallax=\u00a0\u00bboff\u00a0\u00bb parallax_method=\u00a0\u00bbon\u00a0\u00bb][et_pb_text _builder_version=\u00a0\u00bb3.0.95&Prime; text_font=\u00a0\u00bb||||||||\u00a0\u00bb text_orientation=\u00a0\u00bbjustified\u00a0\u00bb]<\/p>\n<p>Sur la rive droite de la Gironde et de la Dordogne se situe un territoire m\u00e9connu, le Nord Gironde ou Haute Gironde. C\u2019est la terre de pr\u00e9dilection du merlot, c\u00e9page embl\u00e9matique des vins bordelais, qui donne des vins \u00e0 la robe chatoyante, aux ar\u00f4mes fruit\u00e9s et charmeurs.<\/p>\n<p>En sortant des sentiers battus vous d\u00e9couvrirez de petits domaines viticoles entre Fronsac et Blaye : des femmes et des hommes de terroir qui font perdurer les vignobles familiaux avec un go\u00fbt immod\u00e9r\u00e9 pour leur environnement. Des propri\u00e9t\u00e9s \u00e0 taille humaine. Des vins fruit\u00e9s pour toutes les bourses. D\u00e9guster sur place et prendre le temps de faire connaissance avec des vignerons passionn\u00e9s et attentifs permettra de d\u00e9couvir ce territoire discret de la Gironde.<\/p>\n<p>VAL DE VIRV\u00c9E est une commune n\u00e9e du regroupement de trois communes de la r\u00e9gion de Saint-Andr\u00e9 de Cubzac. De nombreux gites et chambres d\u2019h\u00f4tes permettent d\u2019y s\u00e9journer pour profiter du calme de cette r\u00e9gion.<\/p>\n<p>En sillonnant la r\u00e9gion vous partirez \u00e0 la d\u00e9couverte des \u00e9glises romanes des villages environnants sur les chemins de Compostelle, les rives tranquilles de l\u2019Isle \u00e0 Guitres ainsi que son train touristique \u00e0 vapeur et son \u00e9glise abbatiale du XIe si\u00e8cle, le mascaret sur la Dordogne \u00e0 Saint-Pardon, les belles propri\u00e9t\u00e9s de Pomerol et de Saint-Emilion, les c\u00f4teaux du Fronsadais, Bourg sur Gironde et sa corniche, Blaye et la citadelle de Vauban au patrimoine exceptionnel, l\u2019estuaire de la Gironde dans toute sa splendeur au gr\u00e8 des mar\u00e9es, la r\u00e9serve ornithologique Terres d\u2019Oiseaux et la ville de Bordeaux, class\u00e9e au patrimoine mondial de l\u2019UNESCO&#8230;<\/p>\n<p>Pour les amoureux de la nature, la r\u00e9gion est parsem\u00e9e de chemins de randonn\u00e9e balis\u00e9s. Des excursions \u00e0 v\u00e9lo, \u00e0 cheval&#8230; tout est possible pour se plonger dans ces paysages vallonn\u00e9s changeant avec les saisons : le vert tendre du printemps quand la vigne sort ses premi\u00e8res feuilles, la densit\u00e9 des verts parsem\u00e9s de grappes de raisins dor\u00e9s ou violac\u00e9s sous le soleil estival, les ors et les rouges de l\u2019automne apr\u00e8s l\u2019effervescence des vendanges, le repos des ceps pendant la saison de la taille cristalis\u00e9s par les gel\u00e9es blanches du matin&#8230;<\/p>\n<p>\u00c0 d\u00e9couvrir et savourer sans mod\u00e9ration.<\/p>\n<p><a href=\"http:\/\/www.cubzaguais-tourisme.com\/\">www.cubzaguais-tourisme.com\/<\/a><\/p>\n<p><a href=\"http:\/\/www.trainguitres.fr\">www.trainguitres.fr<\/a><\/p>\n<p><a href=\"http:\/\/www.abbatialedeguitres.com\/abbatiale.htm\">www.abbatialedeguitres.com\/abbatiale.htm<\/a><\/p>\n<p><a href=\"http:\/\/www.terresdoiseaux.fr\">www.terresdoiseaux.fr<\/a><\/p>\n<p><a href=\"http:\/\/www.tourisme.bourg-en-gironde.fr\">www.tourisme.bourg-en-gironde.fr<\/a><\/p>\n<p><a href=\"http:\/\/www.tourisme-blaye.com\">www.tourisme-blaye.com<\/a><\/p>\n<p><a href=\"http:\/\/www.tourisme-fronsadais.com\">www.tourisme-fronsadais.com<\/a><\/p>\n<p><a href=\"http:\/\/www.estuaire-gironde.fr\">www.estuaire-gironde.fr<\/a><\/p>\n<p><a href=\"http:\/\/www.bordeaux-tourisme.com\">www.bordeaux-tourisme.com<\/a><\/p>\n<p>[\/et_pb_text][\/et_pb_column][et_pb_column type=\u00a0\u00bb1_4&Prime; _builder_version=\u00a0\u00bb3.0.47&Prime; parallax=\u00a0\u00bboff\u00a0\u00bb parallax_method=\u00a0\u00bbon\u00a0\u00bb][et_pb_image src=\u00a0\u00bbhttp:\/\/hautbicou.com\/wp-content\/uploads\/2018\/01\/20br.jpg\u00a0\u00bb _builder_version=\u00a0\u00bb3.0.98&Prime;][\/et_pb_image][et_pb_image src=\u00a0\u00bbhttp:\/\/hautbicou.com\/wp-content\/uploads\/2018\/01\/21cbr.jpg\u00a0\u00bb _builder_version=\u00a0\u00bb3.0.98&Prime;][\/et_pb_image][\/et_pb_column][\/et_pb_row][\/et_pb_section]<\/p>\n","protected":false},"excerpt":{"rendered":"<p>[et_pb_section fb_built=\u00a0\u00bb1&Prime; _builder_version=\u00a0\u00bb3.0.91&Prime; custom_padding=\u00a0\u00bb0px|0px|0px|0px\u00a0\u00bb][et_pb_row make_fullwidth=\u00a0\u00bbon\u00a0\u00bb use_custom_gutter=\u00a0\u00bbon\u00a0\u00bb gutter_width=\u00a0\u00bb1&Prime; custom_padding=\u00a0\u00bb253px|0px|77px|0px\u00a0\u00bb _builder_version=\u00a0\u00bb3.0.95&Prime; background_image=\u00a0\u00bbhttp:\/\/hautbicou.com\/wp-content\/uploads\/2018\/01\/18br.jpg\u00a0\u00bb][et_pb_column type=\u00a0\u00bb4_4&Prime; _builder_version=\u00a0\u00bb3.0.91&Prime; parallax=\u00a0\u00bboff\u00a0\u00bb parallax_method=\u00a0\u00bbon\u00a0\u00bb][et_pb_text background_layout=\u00a0\u00bbdark\u00a0\u00bb _builder_version=\u00a0\u00bb3.0.95&Prime; text_font=\u00a0\u00bb|300|||||||\u00a0\u00bb text_font_size=\u00a0\u00bb60px\u00a0\u00bb text_font_size_tablet=\u00a0\u00bb40px\u00a0\u00bb text_font_size_phone=\u00a0\u00bb31px\u00a0\u00bb text_font_size_last_edited=\u00a0\u00bbon|phone\u00a0\u00bb text_orientation=\u00a0\u00bbcenter\u00a0\u00bb]L&rsquo;\u0152NOTOURISME TRANQUILLE [\/et_pb_text][\/et_pb_column][\/et_pb_row][\/et_pb_section][et_pb_section fb_built=\u00a0\u00bb1&Prime; _builder_version=\u00a0\u00bb3.0.92&Prime; custom_padding=\u00a0\u00bb1px|0px|0px|0px\u00a0\u00bb][et_pb_row make_fullwidth=\u00a0\u00bbon\u00a0\u00bb custom_padding=\u00a0\u00bb50px|0px|25px|0px\u00a0\u00bb _builder_version=\u00a0\u00bb3.0.91&Prime;][et_pb_column type=\u00a0\u00bb1_4&Prime; _builder_version=\u00a0\u00bb3.0.47&Prime; parallax=\u00a0\u00bboff\u00a0\u00bb parallax_method=\u00a0\u00bbon\u00a0\u00bb][et_pb_image src=\u00a0\u00bbhttp:\/\/hautbicou.com\/wp-content\/uploads\/2018\/01\/20abr.jpg\u00a0\u00bb _builder_version=\u00a0\u00bb3.0.98&Prime;][\/et_pb_image][et_pb_image src=\u00a0\u00bbhttp:\/\/hautbicou.com\/wp-content\/uploads\/2018\/01\/21br.jpg\u00a0\u00bb _builder_version=\u00a0\u00bb3.0.98&Prime;][\/et_pb_image][et_pb_image src=\u00a0\u00bbhttp:\/\/hautbicou.com\/wp-content\/uploads\/2018\/01\/21Bbr.jpg\u00a0\u00bb _builder_version=\u00a0\u00bb3.0.98&Prime;][\/et_pb_image][et_pb_image src=\u00a0\u00bbhttp:\/\/hautbicou.com\/wp-content\/uploads\/2017\/12\/21a.jpg\u00a0\u00bb _builder_version=\u00a0\u00bb3.0.92&Prime;][\/et_pb_image][\/et_pb_column][et_pb_column type=\u00a0\u00bb1_2&Prime; _builder_version=\u00a0\u00bb3.0.47&Prime; parallax=\u00a0\u00bboff\u00a0\u00bb parallax_method=\u00a0\u00bbon\u00a0\u00bb][et_pb_text _builder_version=\u00a0\u00bb3.0.95&Prime; text_font=\u00a0\u00bb||||||||\u00a0\u00bb text_orientation=\u00a0\u00bbjustified\u00a0\u00bb] Sur la rive droite de la [&hellip;]<\/p>\n","protected":false},"author":1,"featured_media":0,"parent":0,"menu_order":0,"comment_status":"closed","ping_status":"closed","template":"","meta":{"_et_pb_use_builder":"on","_et_pb_old_content":"","_et_gb_content_width":""},"_links":{"self":[{"href":"https:\/\/hautbicou.com\/index.php\/wp-json\/wp\/v2\/pages\/291"}],"collection":[{"href":"https:\/\/hautbicou.com\/index.php\/wp-json\/wp\/v2\/pages"}],"about":[{"href":"https:\/\/hautbicou.com\/index.php\/wp-json\/wp\/v2\/types\/page"}],"author":[{"embeddable":true,"href":"https:\/\/hautbicou.com\/index.php\/wp-json\/wp\/v2\/users\/1"}],"replies":[{"embeddable":true,"href":"https:\/\/hautbicou.com\/index.php\/wp-json\/wp\/v2\/comments?post=291"}],"version-history":[{"count":23,"href":"https:\/\/hautbicou.com\/index.php\/wp-json\/wp\/v2\/pages\/291\/revisions"}],"predecessor-version":[{"id":662,"href":"https:\/\/hautbicou.com\/index.php\/wp-json\/wp\/v2\/pages\/291\/revisions\/662"}],"wp:attachment":[{"href":"https:\/\/hautbicou.com\/index.php\/wp-json\/wp\/v2\/media?parent=291"}],"curies":[{"name":"wp","href":"https:\/\/api.w.org\/{rel}","templated":true}]}}